{"id":155,"date":"2023-02-13T22:57:31","date_gmt":"2023-02-13T22:57:31","guid":{"rendered":"https:\/\/imagenytendencias.com\/wordpress\/?page_id=155"},"modified":"2026-04-20T11:34:48","modified_gmt":"2026-04-20T17:34:48","slug":"inicio","status":"publish","type":"page","link":"https:\/\/imagenytendencias.com\/","title":{"rendered":"Portada"},"content":{"rendered":"\n<hr class=\"wp-block-separator has-alpha-channel-opacity\"\/>\n\n\n\n<figure class=\"wp-block-image size-large\"><img loading=\"lazy\" decoding=\"async\" width=\"1024\" height=\"1024\" src=\"https:\/\/imagenytendencias.com\/wp-content\/uploads\/2026\/04\/Conduccion-de-eventos-IyT-1024x1024.jpg\" alt=\"\" class=\"wp-image-2021\" srcset=\"https:\/\/imagenytendencias.com\/wp-content\/uploads\/2026\/04\/Conduccion-de-eventos-IyT-1024x1024.jpg 1024w, https:\/\/imagenytendencias.com\/wp-content\/uploads\/2026\/04\/Conduccion-de-eventos-IyT-300x300.jpg 300w, https:\/\/imagenytendencias.com\/wp-content\/uploads\/2026\/04\/Conduccion-de-eventos-IyT-150x150.jpg 150w, https:\/\/imagenytendencias.com\/wp-content\/uploads\/2026\/04\/Conduccion-de-eventos-IyT-768x768.jpg 768w, https:\/\/imagenytendencias.com\/wp-content\/uploads\/2026\/04\/Conduccion-de-eventos-IyT.jpg 1080w\" sizes=\"auto, (max-width: 1024px) 100vw, 1024px\" \/><\/figure>\n\n\n\n<hr class=\"wp-block-separator has-alpha-channel-opacity\"\/>\n\n\n\n<figure class=\"wp-block-image size-large\"><img loading=\"lazy\" decoding=\"async\" width=\"1024\" height=\"1024\" src=\"https:\/\/imagenytendencias.com\/wp-content\/uploads\/2026\/04\/1000495056-1024x1024.jpg\" alt=\"\" class=\"wp-image-2043\" srcset=\"https:\/\/imagenytendencias.com\/wp-content\/uploads\/2026\/04\/1000495056-1024x1024.jpg 1024w, https:\/\/imagenytendencias.com\/wp-content\/uploads\/2026\/04\/1000495056-300x300.jpg 300w, https:\/\/imagenytendencias.com\/wp-content\/uploads\/2026\/04\/1000495056-150x150.jpg 150w, https:\/\/imagenytendencias.com\/wp-content\/uploads\/2026\/04\/1000495056-768x768.jpg 768w, https:\/\/imagenytendencias.com\/wp-content\/uploads\/2026\/04\/1000495056.jpg 1080w\" sizes=\"auto, (max-width: 1024px) 100vw, 1024px\" \/><\/figure>\n\n\n\n<hr class=\"wp-block-separator has-alpha-channel-opacity\"\/>\n\n\n\n<p class=\"has-text-align-center has-small-font-size\">\ud83d\udea6\u2728<strong> \u00bfSab\u00edas que los motociclistas tienen 27 veces m\u00e1s probabilidades de sufrir un accidente fatal que los conductores? \u00a1Es momento de aprender a convivir mejor en las calles!<\/strong><\/p>\n\n\n\n<figure class=\"wp-block-embed is-type-video is-provider-youtube wp-block-embed-youtube wp-embed-aspect-16-9 wp-has-aspect-ratio\"><div class=\"wp-block-embed__wrapper\">\n<iframe loading=\"lazy\" title=\"Accidentes fatales en motocicleta \ud83c\udfcd\ufe0f\" width=\"540\" height=\"960\" src=\"https:\/\/www.youtube.com\/embed\/9WUVyWj_1xM?feature=oembed\" frameborder=\"0\" allow=\"accelerometer; autoplay; clipboard-write; encrypted-media; gyroscope; picture-in-picture; web-share\" referrerpolicy=\"strict-origin-when-cross-origin\" allowfullscreen><\/iframe>\n<\/div><\/figure>\n\n\n\n<hr class=\"wp-block-separator has-alpha-channel-opacity\"\/>\n\n\n\n<figure class=\"wp-block-image size-large\"><img loading=\"lazy\" decoding=\"async\" width=\"1024\" height=\"1024\" src=\"https:\/\/imagenytendencias.com\/wp-content\/uploads\/2026\/04\/DD-EVENTOS-ABRIL-2026-1024x1024.png\" alt=\"\" class=\"wp-image-2057\" srcset=\"https:\/\/imagenytendencias.com\/wp-content\/uploads\/2026\/04\/DD-EVENTOS-ABRIL-2026-1024x1024.png 1024w, https:\/\/imagenytendencias.com\/wp-content\/uploads\/2026\/04\/DD-EVENTOS-ABRIL-2026-300x300.png 300w, https:\/\/imagenytendencias.com\/wp-content\/uploads\/2026\/04\/DD-EVENTOS-ABRIL-2026-150x150.png 150w, https:\/\/imagenytendencias.com\/wp-content\/uploads\/2026\/04\/DD-EVENTOS-ABRIL-2026-768x768.png 768w, https:\/\/imagenytendencias.com\/wp-content\/uploads\/2026\/04\/DD-EVENTOS-ABRIL-2026-1536x1536.png 1536w, https:\/\/imagenytendencias.com\/wp-content\/uploads\/2026\/04\/DD-EVENTOS-ABRIL-2026-2048x2048.png 2048w\" sizes=\"auto, (max-width: 1024px) 100vw, 1024px\" \/><\/figure>\n\n\n\n<figure class=\"wp-block-image size-large\"><img loading=\"lazy\" decoding=\"async\" width=\"759\" height=\"1024\" src=\"https:\/\/imagenytendencias.com\/wp-content\/uploads\/2026\/04\/Marketing-Digital-759x1024.jpg\" alt=\"\" class=\"wp-image-2051\" srcset=\"https:\/\/imagenytendencias.com\/wp-content\/uploads\/2026\/04\/Marketing-Digital-759x1024.jpg 759w, https:\/\/imagenytendencias.com\/wp-content\/uploads\/2026\/04\/Marketing-Digital-222x300.jpg 222w, https:\/\/imagenytendencias.com\/wp-content\/uploads\/2026\/04\/Marketing-Digital-768x1037.jpg 768w, https:\/\/imagenytendencias.com\/wp-content\/uploads\/2026\/04\/Marketing-Digital.jpg 1000w\" sizes=\"auto, (max-width: 759px) 100vw, 759px\" \/><\/figure>\n\n\n\n<hr class=\"wp-block-separator has-alpha-channel-opacity\"\/>\n\n\n\n<figure class=\"wp-block-image size-large\"><img loading=\"lazy\" decoding=\"async\" width=\"819\" height=\"1024\" src=\"https:\/\/imagenytendencias.com\/wp-content\/uploads\/2026\/02\/Fashionista--819x1024.jpg\" alt=\"\" class=\"wp-image-1911\" srcset=\"https:\/\/imagenytendencias.com\/wp-content\/uploads\/2026\/02\/Fashionista--819x1024.jpg 819w, https:\/\/imagenytendencias.com\/wp-content\/uploads\/2026\/02\/Fashionista--240x300.jpg 240w, https:\/\/imagenytendencias.com\/wp-content\/uploads\/2026\/02\/Fashionista--768x960.jpg 768w, https:\/\/imagenytendencias.com\/wp-content\/uploads\/2026\/02\/Fashionista-.jpg 1080w\" sizes=\"auto, (max-width: 819px) 100vw, 819px\" \/><\/figure>\n\n\n\n<hr class=\"wp-block-separator has-alpha-channel-opacity\"\/>\n\n\n\n<p class=\"has-text-align-center\"><\/p>\n\n\n\n<p class=\"has-text-align-center has-medium-font-size\"><strong>El primer pueblo m\u00e1gico de M\u00e9xico, acompa\u00f1a a Diana Gracia a este recorrido. <\/strong><\/p>\n\n\n\n<figure class=\"wp-block-embed is-type-video is-provider-youtube wp-block-embed-youtube wp-embed-aspect-4-3 wp-has-aspect-ratio\"><div class=\"wp-block-embed__wrapper\">\n<iframe loading=\"lazy\" title=\"&quot;El primer Pueblo M\u00e1gico de M\u00e9xico&quot;\" width=\"640\" height=\"480\" src=\"https:\/\/www.youtube.com\/embed\/4NK5IjzTrJw?feature=oembed\" frameborder=\"0\" allow=\"accelerometer; autoplay; clipboard-write; encrypted-media; gyroscope; picture-in-picture; web-share\" referrerpolicy=\"strict-origin-when-cross-origin\" allowfullscreen><\/iframe>\n<\/div><\/figure>\n\n\n\n<hr class=\"wp-block-separator has-alpha-channel-opacity\"\/>\n\n\n\n<figure class=\"wp-block-image size-large\"><img loading=\"lazy\" decoding=\"async\" width=\"819\" height=\"1024\" src=\"https:\/\/imagenytendencias.com\/wp-content\/uploads\/2026\/03\/20260316_153135_0000-819x1024.jpg\" alt=\"\" class=\"wp-image-1992\" srcset=\"https:\/\/imagenytendencias.com\/wp-content\/uploads\/2026\/03\/20260316_153135_0000-819x1024.jpg 819w, https:\/\/imagenytendencias.com\/wp-content\/uploads\/2026\/03\/20260316_153135_0000-240x300.jpg 240w, https:\/\/imagenytendencias.com\/wp-content\/uploads\/2026\/03\/20260316_153135_0000-768x960.jpg 768w, https:\/\/imagenytendencias.com\/wp-content\/uploads\/2026\/03\/20260316_153135_0000.jpg 1080w\" sizes=\"auto, (max-width: 819px) 100vw, 819px\" \/><\/figure>\n\n\n\n<hr class=\"wp-block-separator has-alpha-channel-opacity\"\/>\n\n\n\n<figure class=\"wp-block-image size-large\"><img loading=\"lazy\" decoding=\"async\" width=\"1024\" height=\"1024\" src=\"https:\/\/imagenytendencias.com\/wp-content\/uploads\/2026\/04\/INFANTIL-1024x1024.jpg\" alt=\"\" class=\"wp-image-2023\" srcset=\"https:\/\/imagenytendencias.com\/wp-content\/uploads\/2026\/04\/INFANTIL-1024x1024.jpg 1024w, https:\/\/imagenytendencias.com\/wp-content\/uploads\/2026\/04\/INFANTIL-300x300.jpg 300w, https:\/\/imagenytendencias.com\/wp-content\/uploads\/2026\/04\/INFANTIL-150x150.jpg 150w, https:\/\/imagenytendencias.com\/wp-content\/uploads\/2026\/04\/INFANTIL-768x768.jpg 768w, https:\/\/imagenytendencias.com\/wp-content\/uploads\/2026\/04\/INFANTIL.jpg 1080w\" sizes=\"auto, (max-width: 1024px) 100vw, 1024px\" \/><\/figure>\n\n\n\n<hr class=\"wp-block-separator has-alpha-channel-opacity\"\/>\n\n\n\n<p class=\"has-text-align-center has-medium-font-size\"><\/p>\n\n\n\n<p class=\"has-small-font-size\"><\/p>\n\n\n\n<p><\/p>\n","protected":false},"excerpt":{"rendered":"<p>\ud83d\udea6\u2728 \u00bfSab\u00edas que los motociclistas tienen 27 veces m\u00e1s probabilidades de sufrir un accidente fatal que los conductores? \u00a1Es momento de aprender a convivir mejor en las calles! El primer pueblo m\u00e1gico de M\u00e9xico, acompa\u00f1a a Diana Gracia a este recorrido.<\/p>\n","protected":false},"author":1,"featured_media":0,"parent":0,"menu_order":0,"comment_status":"closed","ping_status":"closed","template":"","meta":{"footnotes":""},"class_list":["post-155","page","type-page","status-publish","hentry"],"yoast_head":"<!-- This site is optimized with the Yoast SEO plugin v27.0 - https:\/\/yoast.com\/product\/yoast-seo-wordpress\/ -->\n<title>Portada IMAGEN Y TENDENCIAS - IMAGEN Y TENDENCIAS<\/title>\n<meta name=\"description\" content=\"Imagen y Tendencias IMAGEN Y TENDENCIAS - Sociales, turismo, vida y estilos...\" \/>\n<meta name=\"robots\" content=\"index, follow, max-snippet:-1, max-image-preview:large, max-video-preview:-1\" \/>\n<link rel=\"canonical\" href=\"https:\/\/imagenytendencias.com\/\" \/>\n<meta property=\"og:locale\" content=\"es_ES\" \/>\n<meta property=\"og:type\" content=\"article\" \/>\n<meta property=\"og:title\" content=\"Imagen y Tendencias\" \/>\n<meta property=\"og:description\" content=\"Imagen y Tendencias IMAGEN Y TENDENCIAS - Sociales, turismo, vida y estilos...\" \/>\n<meta property=\"og:url\" content=\"https:\/\/imagenytendencias.com\/\" \/>\n<meta property=\"og:site_name\" content=\"IMAGEN Y TENDENCIAS\" \/>\n<meta property=\"article:publisher\" content=\"https:\/\/www.facebook.com\/revistaimagenytendencias\" \/>\n<meta property=\"article:modified_time\" content=\"2026-04-20T17:34:48+00:00\" \/>\n<meta property=\"og:image\" content=\"https:\/\/imagenytendencias.com\/wp-content\/uploads\/2023\/02\/200X200px.jpg\" \/>\n\t<meta property=\"og:image:width\" content=\"200\" \/>\n\t<meta property=\"og:image:height\" content=\"200\" \/>\n\t<meta property=\"og:image:type\" content=\"image\/jpeg\" \/>\n<meta name=\"twitter:card\" content=\"summary_large_image\" \/>\n<meta name=\"twitter:label1\" content=\"Tiempo de lectura\" \/>\n\t<meta name=\"twitter:data1\" content=\"2 minutos\" \/>\n<script type=\"application\/ld+json\" class=\"yoast-schema-graph\">{\"@context\":\"https:\/\/schema.org\",\"@graph\":[{\"@type\":\"NewsArticle\",\"@id\":\"https:\/\/imagenytendencias.com\/#article\",\"isPartOf\":{\"@id\":\"https:\/\/imagenytendencias.com\/\"},\"author\":{\"name\":\"Editorial\",\"@id\":\"https:\/\/imagenytendencias.com\/#\/schema\/person\/2d95fe10ca2a5f5bd3b40716e527c87a\"},\"headline\":\"Portada\",\"datePublished\":\"2023-02-13T22:57:31+00:00\",\"dateModified\":\"2026-04-20T17:34:48+00:00\",\"mainEntityOfPage\":{\"@id\":\"https:\/\/imagenytendencias.com\/\"},\"wordCount\":62,\"publisher\":{\"@id\":\"https:\/\/imagenytendencias.com\/#organization\"},\"image\":{\"@id\":\"https:\/\/imagenytendencias.com\/#primaryimage\"},\"thumbnailUrl\":\"https:\/\/imagenytendencias.com\/wp-content\/uploads\/2026\/04\/Conduccion-de-eventos-IyT-1024x1024.jpg\",\"inLanguage\":\"es\"},{\"@type\":[\"WebPage\",\"ItemPage\"],\"@id\":\"https:\/\/imagenytendencias.com\/\",\"url\":\"https:\/\/imagenytendencias.com\/\",\"name\":\"Portada IMAGEN Y TENDENCIAS - IMAGEN Y TENDENCIAS\",\"isPartOf\":{\"@id\":\"https:\/\/imagenytendencias.com\/#website\"},\"primaryImageOfPage\":{\"@id\":\"https:\/\/imagenytendencias.com\/#primaryimage\"},\"image\":{\"@id\":\"https:\/\/imagenytendencias.com\/#primaryimage\"},\"thumbnailUrl\":\"https:\/\/imagenytendencias.com\/wp-content\/uploads\/2026\/04\/Conduccion-de-eventos-IyT-1024x1024.jpg\",\"datePublished\":\"2023-02-13T22:57:31+00:00\",\"dateModified\":\"2026-04-20T17:34:48+00:00\",\"description\":\"Imagen y Tendencias IMAGEN Y TENDENCIAS - Sociales, turismo, vida y estilos...\",\"breadcrumb\":{\"@id\":\"https:\/\/imagenytendencias.com\/#breadcrumb\"},\"inLanguage\":\"es\",\"potentialAction\":[{\"@type\":\"ReadAction\",\"target\":[\"https:\/\/imagenytendencias.com\/\"]}]},{\"@type\":\"ImageObject\",\"inLanguage\":\"es\",\"@id\":\"https:\/\/imagenytendencias.com\/#primaryimage\",\"url\":\"https:\/\/imagenytendencias.com\/wp-content\/uploads\/2026\/04\/Conduccion-de-eventos-IyT.jpg\",\"contentUrl\":\"https:\/\/imagenytendencias.com\/wp-content\/uploads\/2026\/04\/Conduccion-de-eventos-IyT.jpg\",\"width\":1080,\"height\":1080},{\"@type\":\"BreadcrumbList\",\"@id\":\"https:\/\/imagenytendencias.com\/#breadcrumb\",\"itemListElement\":[{\"@type\":\"ListItem\",\"position\":1,\"name\":\"Portada\",\"item\":\"https:\/\/imagenytendencias.com\/\"},{\"@type\":\"ListItem\",\"position\":2,\"name\":\"Portada\"}]},{\"@type\":\"WebSite\",\"@id\":\"https:\/\/imagenytendencias.com\/#website\",\"url\":\"https:\/\/imagenytendencias.com\/\",\"name\":\"Imagen y Tendencias\",\"description\":\"Sociales, turismo, vida y estilos...\",\"publisher\":{\"@id\":\"https:\/\/imagenytendencias.com\/#organization\"},\"potentialAction\":[{\"@type\":\"SearchAction\",\"target\":{\"@type\":\"EntryPoint\",\"urlTemplate\":\"https:\/\/imagenytendencias.com\/?s={search_term_string}\"},\"query-input\":{\"@type\":\"PropertyValueSpecification\",\"valueRequired\":true,\"valueName\":\"search_term_string\"}}],\"inLanguage\":\"es\"},{\"@type\":\"Organization\",\"@id\":\"https:\/\/imagenytendencias.com\/#organization\",\"name\":\"Imagen y Tendencias\",\"url\":\"https:\/\/imagenytendencias.com\/\",\"logo\":{\"@type\":\"ImageObject\",\"inLanguage\":\"es\",\"@id\":\"https:\/\/imagenytendencias.com\/#\/schema\/logo\/image\/\",\"url\":\"https:\/\/imagenytendencias.com\/wp-content\/uploads\/2026\/02\/cropped-LOGOS-ORIGINALES-VECTORIZADOS-REVISTA-IMAGEN-Y-TENDENCIAS-02-scaled-1.png\",\"contentUrl\":\"https:\/\/imagenytendencias.com\/wp-content\/uploads\/2026\/02\/cropped-LOGOS-ORIGINALES-VECTORIZADOS-REVISTA-IMAGEN-Y-TENDENCIAS-02-scaled-1.png\",\"width\":2560,\"height\":760,\"caption\":\"Imagen y Tendencias\"},\"image\":{\"@id\":\"https:\/\/imagenytendencias.com\/#\/schema\/logo\/image\/\"},\"sameAs\":[\"https:\/\/www.facebook.com\/revistaimagenytendencias\"]},{\"@type\":\"Person\",\"@id\":\"https:\/\/imagenytendencias.com\/#\/schema\/person\/2d95fe10ca2a5f5bd3b40716e527c87a\",\"name\":\"Editorial\",\"image\":{\"@type\":\"ImageObject\",\"inLanguage\":\"es\",\"@id\":\"https:\/\/imagenytendencias.com\/#\/schema\/person\/image\/\",\"url\":\"https:\/\/secure.gravatar.com\/avatar\/dad68aae827f3c140a94b8f54d048d747020c9bd1e74c84ca256cf44e7709f61?s=96&d=mm&r=g\",\"contentUrl\":\"https:\/\/secure.gravatar.com\/avatar\/dad68aae827f3c140a94b8f54d048d747020c9bd1e74c84ca256cf44e7709f61?s=96&d=mm&r=g\",\"caption\":\"Editorial\"},\"sameAs\":[\"https:\/\/imagenytendencias.com\/wordpress\"],\"url\":\"https:\/\/imagenytendencias.com\/?author=1\"}]}<\/script>\n<!-- \/ Yoast SEO plugin. -->","yoast_head_json":{"title":"Portada IMAGEN Y TENDENCIAS - IMAGEN Y TENDENCIAS","description":"Imagen y Tendencias IMAGEN Y TENDENCIAS - Sociales, turismo, vida y estilos...","robots":{"index":"index","follow":"follow","max-snippet":"max-snippet:-1","max-image-preview":"max-image-preview:large","max-video-preview":"max-video-preview:-1"},"canonical":"https:\/\/imagenytendencias.com\/","og_locale":"es_ES","og_type":"article","og_title":"Imagen y Tendencias","og_description":"Imagen y Tendencias IMAGEN Y TENDENCIAS - Sociales, turismo, vida y estilos...","og_url":"https:\/\/imagenytendencias.com\/","og_site_name":"IMAGEN Y TENDENCIAS","article_publisher":"https:\/\/www.facebook.com\/revistaimagenytendencias","article_modified_time":"2026-04-20T17:34:48+00:00","og_image":[{"width":200,"height":200,"url":"https:\/\/imagenytendencias.com\/wp-content\/uploads\/2023\/02\/200X200px.jpg","type":"image\/jpeg"}],"twitter_card":"summary_large_image","twitter_misc":{"Tiempo de lectura":"2 minutos"},"schema":{"@context":"https:\/\/schema.org","@graph":[{"@type":"NewsArticle","@id":"https:\/\/imagenytendencias.com\/#article","isPartOf":{"@id":"https:\/\/imagenytendencias.com\/"},"author":{"name":"Editorial","@id":"https:\/\/imagenytendencias.com\/#\/schema\/person\/2d95fe10ca2a5f5bd3b40716e527c87a"},"headline":"Portada","datePublished":"2023-02-13T22:57:31+00:00","dateModified":"2026-04-20T17:34:48+00:00","mainEntityOfPage":{"@id":"https:\/\/imagenytendencias.com\/"},"wordCount":62,"publisher":{"@id":"https:\/\/imagenytendencias.com\/#organization"},"image":{"@id":"https:\/\/imagenytendencias.com\/#primaryimage"},"thumbnailUrl":"https:\/\/imagenytendencias.com\/wp-content\/uploads\/2026\/04\/Conduccion-de-eventos-IyT-1024x1024.jpg","inLanguage":"es"},{"@type":["WebPage","ItemPage"],"@id":"https:\/\/imagenytendencias.com\/","url":"https:\/\/imagenytendencias.com\/","name":"Portada IMAGEN Y TENDENCIAS - IMAGEN Y TENDENCIAS","isPartOf":{"@id":"https:\/\/imagenytendencias.com\/#website"},"primaryImageOfPage":{"@id":"https:\/\/imagenytendencias.com\/#primaryimage"},"image":{"@id":"https:\/\/imagenytendencias.com\/#primaryimage"},"thumbnailUrl":"https:\/\/imagenytendencias.com\/wp-content\/uploads\/2026\/04\/Conduccion-de-eventos-IyT-1024x1024.jpg","datePublished":"2023-02-13T22:57:31+00:00","dateModified":"2026-04-20T17:34:48+00:00","description":"Imagen y Tendencias IMAGEN Y TENDENCIAS - Sociales, turismo, vida y estilos...","breadcrumb":{"@id":"https:\/\/imagenytendencias.com\/#breadcrumb"},"inLanguage":"es","potentialAction":[{"@type":"ReadAction","target":["https:\/\/imagenytendencias.com\/"]}]},{"@type":"ImageObject","inLanguage":"es","@id":"https:\/\/imagenytendencias.com\/#primaryimage","url":"https:\/\/imagenytendencias.com\/wp-content\/uploads\/2026\/04\/Conduccion-de-eventos-IyT.jpg","contentUrl":"https:\/\/imagenytendencias.com\/wp-content\/uploads\/2026\/04\/Conduccion-de-eventos-IyT.jpg","width":1080,"height":1080},{"@type":"BreadcrumbList","@id":"https:\/\/imagenytendencias.com\/#breadcrumb","itemListElement":[{"@type":"ListItem","position":1,"name":"Portada","item":"https:\/\/imagenytendencias.com\/"},{"@type":"ListItem","position":2,"name":"Portada"}]},{"@type":"WebSite","@id":"https:\/\/imagenytendencias.com\/#website","url":"https:\/\/imagenytendencias.com\/","name":"Imagen y Tendencias","description":"Sociales, turismo, vida y estilos...","publisher":{"@id":"https:\/\/imagenytendencias.com\/#organization"},"potentialAction":[{"@type":"SearchAction","target":{"@type":"EntryPoint","urlTemplate":"https:\/\/imagenytendencias.com\/?s={search_term_string}"},"query-input":{"@type":"PropertyValueSpecification","valueRequired":true,"valueName":"search_term_string"}}],"inLanguage":"es"},{"@type":"Organization","@id":"https:\/\/imagenytendencias.com\/#organization","name":"Imagen y Tendencias","url":"https:\/\/imagenytendencias.com\/","logo":{"@type":"ImageObject","inLanguage":"es","@id":"https:\/\/imagenytendencias.com\/#\/schema\/logo\/image\/","url":"https:\/\/imagenytendencias.com\/wp-content\/uploads\/2026\/02\/cropped-LOGOS-ORIGINALES-VECTORIZADOS-REVISTA-IMAGEN-Y-TENDENCIAS-02-scaled-1.png","contentUrl":"https:\/\/imagenytendencias.com\/wp-content\/uploads\/2026\/02\/cropped-LOGOS-ORIGINALES-VECTORIZADOS-REVISTA-IMAGEN-Y-TENDENCIAS-02-scaled-1.png","width":2560,"height":760,"caption":"Imagen y Tendencias"},"image":{"@id":"https:\/\/imagenytendencias.com\/#\/schema\/logo\/image\/"},"sameAs":["https:\/\/www.facebook.com\/revistaimagenytendencias"]},{"@type":"Person","@id":"https:\/\/imagenytendencias.com\/#\/schema\/person\/2d95fe10ca2a5f5bd3b40716e527c87a","name":"Editorial","image":{"@type":"ImageObject","inLanguage":"es","@id":"https:\/\/imagenytendencias.com\/#\/schema\/person\/image\/","url":"https:\/\/secure.gravatar.com\/avatar\/dad68aae827f3c140a94b8f54d048d747020c9bd1e74c84ca256cf44e7709f61?s=96&d=mm&r=g","contentUrl":"https:\/\/secure.gravatar.com\/avatar\/dad68aae827f3c140a94b8f54d048d747020c9bd1e74c84ca256cf44e7709f61?s=96&d=mm&r=g","caption":"Editorial"},"sameAs":["https:\/\/imagenytendencias.com\/wordpress"],"url":"https:\/\/imagenytendencias.com\/?author=1"}]}},"_links":{"self":[{"href":"https:\/\/imagenytendencias.com\/index.php?rest_route=\/wp\/v2\/pages\/155","targetHints":{"allow":["GET"]}}],"collection":[{"href":"https:\/\/imagenytendencias.com\/index.php?rest_route=\/wp\/v2\/pages"}],"about":[{"href":"https:\/\/imagenytendencias.com\/index.php?rest_route=\/wp\/v2\/types\/page"}],"author":[{"embeddable":true,"href":"https:\/\/imagenytendencias.com\/index.php?rest_route=\/wp\/v2\/users\/1"}],"replies":[{"embeddable":true,"href":"https:\/\/imagenytendencias.com\/index.php?rest_route=%2Fwp%2Fv2%2Fcomments&post=155"}],"version-history":[{"count":172,"href":"https:\/\/imagenytendencias.com\/index.php?rest_route=\/wp\/v2\/pages\/155\/revisions"}],"predecessor-version":[{"id":2059,"href":"https:\/\/imagenytendencias.com\/index.php?rest_route=\/wp\/v2\/pages\/155\/revisions\/2059"}],"wp:attachment":[{"href":"https:\/\/imagenytendencias.com\/index.php?rest_route=%2Fwp%2Fv2%2Fmedia&parent=155"}],"curies":[{"name":"wp","href":"https:\/\/api.w.org\/{rel}","templated":true}]}}